{"id":4642,"date":"2019-12-27T15:25:58","date_gmt":"2019-12-27T19:25:58","guid":{"rendered":"http:\/\/www.shanghaiamazonas.com\/site2019\/?post_type=product&#038;p=4642"},"modified":"2022-08-22T20:38:50","modified_gmt":"2022-08-23T00:38:50","slug":"pistao-completo-6-5hp-pistao-pino-e-travas","status":"publish","type":"product","link":"http:\/\/www.shanghaiamazonas.com\/site\/produto\/pistao-completo-6-5hp-pistao-pino-e-travas\/","title":{"rendered":"Pist\u00e3o completo 6.5hp (pist\u00e3o, pino e travas) \u2013 Compat\u00edvel com v\u00e1rias marcas"},"content":{"rendered":"","protected":false},"excerpt":{"rendered":"<p>Pist\u00e3o completo 6.5hp \u2013 Compat\u00edvel com v\u00e1rias marcas<\/p>\n<ul>\n<li>Conjunto (pist\u00e3o, pino e travas)<\/li>\n<li>\u00a0Diametro aprox. 68mm<\/li>\n<li>\u00a0Pist\u00e3o para an\u00e9is grosso de espessura aprox. 1.45mm<\/li>\n<\/ul>\n","protected":false},"featured_media":4643,"template":"","meta":[],"product_cat":[68],"product_tag":[],"supplier_id":null,"supplier_sku":"","atum_controlled":true,"out_stock_date":"2022-08-23T04:38:50","out_stock_threshold":null,"inheritable":false,"inbound_stock":0,"stock_on_hold":0,"sold_today":0,"sales_last_days":0,"reserved_stock":0,"customer_returns":0,"warehouse_damage":0,"lost_in_post":0,"other_logs":0,"out_stock_days":1346,"lost_sales":0,"has_location":false,"update_date":"2026-04-30T10:34:16","atum_locations":[],"atum_stock_status":"outofstock","low_stock":false,"low_stock_amount":"","_links":{"self":[{"href":"http:\/\/www.shanghaiamazonas.com\/site\/wp-json\/wp\/v2\/product\/4642"}],"collection":[{"href":"http:\/\/www.shanghaiamazonas.com\/site\/wp-json\/wp\/v2\/product"}],"about":[{"href":"http:\/\/www.shanghaiamazonas.com\/site\/wp-json\/wp\/v2\/types\/product"}],"wp:featuredmedia":[{"embeddable":true,"href":"http:\/\/www.shanghaiamazonas.com\/site\/wp-json\/wp\/v2\/media\/4643"}],"wp:attachment":[{"href":"http:\/\/www.shanghaiamazonas.com\/site\/wp-json\/wp\/v2\/media?parent=4642"}],"wp:term":[{"taxonomy":"product_cat","embeddable":true,"href":"http:\/\/www.shanghaiamazonas.com\/site\/wp-json\/wp\/v2\/product_cat?post=4642"},{"taxonomy":"product_tag","embeddable":true,"href":"http:\/\/www.shanghaiamazonas.com\/site\/wp-json\/wp\/v2\/product_tag?post=4642"}],"curies":[{"name":"wp","href":"https:\/\/api.w.org\/{rel}","templated":true}]}}