{"id":2043,"date":"2017-06-23T02:28:27","date_gmt":"2017-06-23T02:28:27","guid":{"rendered":"http:\/\/petro-wp.themegum.com\/?page_id=2044"},"modified":"2020-11-09T09:29:56","modified_gmt":"2020-11-09T13:29:56","slug":"homepage","status":"publish","type":"page","link":"http:\/\/www.shanghaiamazonas.com\/site\/","title":{"rendered":"Homepage"},"content":{"rendered":"<div class=\"container-fluid\"><div id=\"element_1177815272337\" class=\"el_row row\"><div class=\"inner-row\"><div id=\"element_2\" class=\"el_column col-md-12\"><div class=\"inner-column\"><div id=\"element_3177815272357\" class=\"el_text\">\n\t\t<!-- MasterSlider -->\n\t\t<div id=\"P_MS69fc75134246d\" class=\"master-slider-parent msl ms-parent-id-3\" style=\"\">\n\n\t\t\t\n\t\t\t<!-- MasterSlider Main -->\n\t\t\t<div id=\"MS69fc75134246d\" class=\"master-slider ms-skin-light-6 round-skin\" >\n\t\t\t\t \t\t\t\t \n\t\t\t\t<div  class=\"ms-slide\" data-delay=\"3\" data-fill-mode=\"stretch\"  >\n\t\t\t\t\t<img src=\"http:\/\/www.shanghaiamazonas.com\/site\/wp-content\/plugins\/master-slider\/public\/assets\/css\/blank.gif\" alt=\"\" title=\"\" data-src=\"http:\/\/www.shanghaiamazonas.com\/site\/wp-content\/uploads\/2020\/04\/168-Banner-site.jpg\" \/>\n\n\n\t<div class=\"ms-thumb\" ><div class=\"ms-tab-context\"><div class=&quot;ms-tab-context&quot;><\/div><\/div>\n<\/div>\n\t\t\t\t<\/div>\n\n\t\t\t<\/div>\n\t\t\t<!-- END MasterSlider Main -->\n\n\t\t\t \n\t\t<\/div>\n\t\t<!-- END MasterSlider -->\n\n\t\t<script>\n\t\t(function ( $ ) {\n\t\t\t\"use strict\";\n\n\t\t\t$(function () {\n\t\t\t\tvar masterslider_246d = new MasterSlider();\n\n\t\t\t\t\/\/ slider controls\n\t\t\t\tmasterslider_246d.control('bullets'    ,{ autohide:false, overVideo:true, dir:'h', align:'bottom' , margin:10  });\n\n\t\t\t\tmasterslider_246d.control('scrollbar'  ,{ autohide:true, overVideo:true, dir:'h', inset:true, align:'top', color:'#404040' , margin:10  , width:4 });\n\t\t\t\t\/\/ slider setup\n\t\t\t\tmasterslider_246d.setup(\"MS69fc75134246d\", {\n\t\t\t\t\t\twidth           : 1000,\n\t\t\t\t\t\theight          : 480,\n\t\t\t\t\t\tminHeight       : 0,\n\t\t\t\t\t\tspace           : 0,\n\t\t\t\t\t\tstart           : 1,\n\t\t\t\t\t\tgrabCursor      : true,\n\t\t\t\t\t\tswipe           : true,\n\t\t\t\t\t\tmouse           : true,\n\t\t\t\t\t\tlayout          : \"fullwidth\",\n\t\t\t\t\t\twheel           : false,\n\t\t\t\t\t\tautoplay        : true,\n\t\t\t\t\t\tinstantStartLayers:false,\n\t\t\t\t\t\tloop            : false,\n\t\t\t\t\t\tshuffle         : true,\n\t\t\t\t\t\tpreload         : 0,\n\t\t\t\t\t\theightLimit     : true,\n\t\t\t\t\t\tautoHeight      : false,\n\t\t\t\t\t\tsmoothHeight    : true,\n\t\t\t\t\t\tendPause        : false,\n\t\t\t\t\t\toverPause       : true,\n\t\t\t\t\t\tfillMode        : \"fill\",\n\t\t\t\t\t\tcenterControls  : false,\n\t\t\t\t\t\tstartOnAppear   : false,\n\t\t\t\t\t\tlayersMode      : \"center\",\n\t\t\t\t\t\thideLayers      : false,\n\t\t\t\t\t\tfullscreenMargin: 0,\n\t\t\t\t\t\tspeed           : 20,\n\t\t\t\t\t\tdir             : \"h\",\n\t\t\t\t\t\tparallaxMode    : 'swipe',\n\t\t\t\t\t\tview            : \"basic\"\n\t\t\t\t});\n\n\t\t\t\t\n\t\t\t\twindow.masterslider_instances = window.masterslider_instances || [];\n\t\t\t\twindow.masterslider_instances.push( masterslider_246d );\n\t\t\t });\n\n\t\t})(jQuery);\n\t\t<\/script>\n\n<\/div><\/div><\/div><\/div><\/div><\/div><div class=\"container-fluid\"><div id=\"element_4177815272312\" class=\"el_row row\"><div class=\"inner-row\"><div class=\"container\"><div class=\"row\"><div id=\"element_5\" class=\"el_column col-md-12\"><div class=\"inner-column\"><div id=\"element-6\" class=\"section-head center  size-custom\"><div><h2 style=\"font-weight:700;font-size:24px\" class=\"section-main-title\">Pe\u00e7as e Acess\u00f3rios Agr\u00edcola<\/h2><\/div><\/div><div class=\"woocommerce columns-4 \"><ul class=\"products columns-4\">\n<li class=\"product type-product post-4676 status-publish first outofstock product_cat-pecas-para-motores-estacionarios-13hp product_cat-pecas-para-motores-estacionarios-15hp product_cat-pecas5-5-6-5 product_cat-pecas-para-motores-estacionarios-9hp has-post-thumbnail shipping-taxable product-type-simple\"><div class=\"clearfix woocommerce-after-shop-loop \"><\/div>\n<\/li><li class=\"product type-product post-4673 status-publish outofstock product_cat-pecas-para-motores-estacionarios-13hp product_cat-pecas-para-motores-estacionarios-15hp product_cat-pecas5-5-6-5 product_cat-pecas-para-motores-estacionarios-9hp has-post-thumbnail shipping-taxable product-type-simple\"><div class=\"clearfix woocommerce-after-shop-loop \"><\/div>\n<\/li><li class=\"product type-product post-4657 status-publish outofstock product_cat-pecas5-5-6-5 has-post-thumbnail shipping-taxable product-type-simple\"><div class=\"clearfix woocommerce-after-shop-loop \"><\/div>\n<\/li><li class=\"product type-product post-4654 status-publish last outofstock product_cat-pecas5-5-6-5 has-post-thumbnail shipping-taxable product-type-simple\"><div class=\"clearfix woocommerce-after-shop-loop \"><\/div>\n<\/li><li class=\"product type-product post-4652 status-publish first outofstock product_cat-pecas5-5-6-5 has-post-thumbnail shipping-taxable product-type-simple\"><div class=\"clearfix woocommerce-after-shop-loop \"><\/div>\n<\/li><li class=\"product type-product post-4650 status-publish outofstock product_cat-pecas5-5-6-5 has-post-thumbnail shipping-taxable product-type-simple\"><div class=\"clearfix woocommerce-after-shop-loop \"><\/div>\n<\/li><li class=\"product type-product post-4648 status-publish outofstock product_cat-pecas5-5-6-5 has-post-thumbnail shipping-taxable product-type-simple\"><div class=\"clearfix woocommerce-after-shop-loop \"><\/div>\n<\/li><li class=\"product type-product post-4645 status-publish last outofstock product_cat-pecas5-5-6-5 has-post-thumbnail shipping-taxable product-type-simple\"><div class=\"clearfix woocommerce-after-shop-loop \"><\/div>\n<\/li><\/ul>\n<\/div><div id=\"element_7177815272334\" class=\"el-btn align-center\"><a href=\"http:\/\/www.shanghaiamazonas.com\/site\/shop\/\" class=\"btn shape-square btn-lg btn-skin-secondary\" target=\"_self\"><i class=\"btn-ico fa-certificate\"><\/i><span>Veja mais produtos agr\u00edcolas<\/span><\/a><\/div><\/div><\/div><\/div><\/div><\/div><\/div><\/div><div class=\"container-fluid\"><div id=\"element_8177815272388\" class=\"el_row row\"><div class=\"inner-row\"><div class=\"container\"><div class=\"row\"><div id=\"element_9\" class=\"el_column col-md-12\"><div class=\"inner-column\"><div id=\"element-10\" class=\"section-head center  size-custom\"><div><h2 style=\"font-weight:700;font-size:24px\" class=\"section-main-title\">Parceiros Kart - Motores Shanghai Amazonas<\/h2><\/div><\/div><div id=\"element_11177815272349\" class=\"el_text\"><p style=\"text-align: center;\"><img loading=\"lazy\" class=\"alignnone size-full wp-image-4571\" src=\"http:\/\/www.shanghaiamazonas.com\/site2019\/wp-content\/uploads\/2019\/03\/promo4.jpg\" alt=\"Parceiros Kart - Motores Shanghai Amazonas\" width=\"940\" height=\"76\" srcset=\"http:\/\/www.shanghaiamazonas.com\/site\/wp-content\/uploads\/2019\/03\/promo4.jpg 940w, http:\/\/www.shanghaiamazonas.com\/site\/wp-content\/uploads\/2019\/03\/promo4-600x49.jpg 600w, http:\/\/www.shanghaiamazonas.com\/site\/wp-content\/uploads\/2019\/03\/promo4-300x24.jpg 300w, http:\/\/www.shanghaiamazonas.com\/site\/wp-content\/uploads\/2019\/03\/promo4-768x62.jpg 768w\" sizes=\"(max-width: 940px) 100vw, 940px\" \/><\/p><\/div><\/div><\/div><\/div><\/div><\/div><\/div><\/div>\n","protected":false},"excerpt":{"rendered":"","protected":false},"author":1,"featured_media":0,"parent":0,"menu_order":0,"comment_status":"closed","ping_status":"closed","template":"editor_page.php","meta":[],"_links":{"self":[{"href":"http:\/\/www.shanghaiamazonas.com\/site\/wp-json\/wp\/v2\/pages\/2043"}],"collection":[{"href":"http:\/\/www.shanghaiamazonas.com\/site\/wp-json\/wp\/v2\/pages"}],"about":[{"href":"http:\/\/www.shanghaiamazonas.com\/site\/wp-json\/wp\/v2\/types\/page"}],"author":[{"embeddable":true,"href":"http:\/\/www.shanghaiamazonas.com\/site\/wp-json\/wp\/v2\/users\/1"}],"replies":[{"embeddable":true,"href":"http:\/\/www.shanghaiamazonas.com\/site\/wp-json\/wp\/v2\/comments?post=2043"}],"version-history":[{"count":41,"href":"http:\/\/www.shanghaiamazonas.com\/site\/wp-json\/wp\/v2\/pages\/2043\/revisions"}],"predecessor-version":[{"id":4689,"href":"http:\/\/www.shanghaiamazonas.com\/site\/wp-json\/wp\/v2\/pages\/2043\/revisions\/4689"}],"wp:attachment":[{"href":"http:\/\/www.shanghaiamazonas.com\/site\/wp-json\/wp\/v2\/media?parent=2043"}],"curies":[{"name":"wp","href":"https:\/\/api.w.org\/{rel}","templated":true}]}}