{"id":1983,"date":"2017-06-22T17:53:06","date_gmt":"2017-06-22T17:53:06","guid":{"rendered":"http:\/\/petro-wp.themegum.com\/?page_id=1983"},"modified":"2021-08-26T22:49:22","modified_gmt":"2021-08-27T02:49:22","slug":"quem-somos","status":"publish","type":"page","link":"http:\/\/www.shanghaiamazonas.com\/site\/quem-somos\/","title":{"rendered":"Quem Somos"},"content":{"rendered":"<div class=\"container-fluid\"><div class=\"container\"><div id=\"element_1177540765312\" class=\"el_row row\"><div class=\"inner-row\"><div id=\"element_2\" class=\"el_column col-md-12\"><div class=\"inner-column\"><div id=\"element_3177540765359\" class=\"row el_row\"><div class=\"inner-row\"><div id=\"element_4\" class=\"el_column col-md-4\"><div class=\"inner-column\"><div id=\"element_5\" class=\"team_custom petro-lite style-default content-align-left clearfix\" ><div class=\"profile\">\r\n                    <figure><div class=\"top-image\">\r\n                            <img style=\"\" src=\"http:\/\/www.shanghaiamazonas.com\/site\/wp-content\/uploads\/2017\/06\/grey-portrait-300x400.png\" class=\"img-responsive\" alt=\"\"\/>\r\n                        <\/div><figcaption><span class=\"profile-heading\">HEAD OF OPERATIONS<\/span>\r\n                        <\/figcaption>\r\n                    <\/figure>\r\n                <\/div><\/div><\/div><\/div><div id=\"element_6\" class=\"el_column col-md-8\"><div class=\"inner-column\"><div id=\"element-7\" class=\"section-head left\"><div><h2 style=\"font-weight:normal\" class=\"section-main-title\">Uma empresa comprometida<\/h2><\/div><\/div><div id=\"element-8\" class=\"section-head left  size-custom\"><div><h2 style=\"font-weight:600;font-size:14px;text-transform:uppercase\" class=\"section-main-title\">com a qualidade<\/h2><\/div><\/div><div id=\"element_9177540765316\" class=\"el_text\"><p>Presente no mercado manauara, a Shanghai Amazonas tem o compromisso de proporcionar um atendimento de excel\u00eancia com um amplo mix de produtos agr\u00edcolas: motores estacion\u00e1rios a gasolina e a diesel, motores de popa, geradores port\u00e1teis e grupo geradores, motoserras, ro\u00e7adeiras, motobombas, rodas d`\u00e1guas, lavadoras de alta press\u00e3o, cortadores de grama e toda linha para jardins, pulverizadores, tratores e micro-tratores, motores mar\u00edtimos, motores el\u00e9tricos e pe\u00e7as em geral.<\/p>\n<p>Fa\u00e7a-nos uma visita e comprove nossa qualidade de atendimento ou se preferir entre em contato atrav\u00e9s dos fones (92) 3343-7335.<\/p><\/div><\/div><\/div><\/div><\/div><div id=\"element_10177540765318\" class=\"row el_row\"><div class=\"inner-row\"><div id=\"element_11\" class=\"el_column col-md-4\"><div class=\"inner-column\"><div id=\"element_12\" class=\"module-iconboxes style-8\"><div class=\"iconboxes-wrap\" ><span class=\"box\"><i  class=\"fa-star-o\">&nbsp;<\/i><\/span><div class=\"text-wrap\"><h4 class=\"box-heading\" >MISS\u00c3O<\/h4><div class=\"iconboxes-text\"><p style=\"text-align: center;\">Ser refer\u00eancia no Mercado, pelo fornecimento de produtos e servi\u00e7os, com profissionais treinados para promover um atendimento de excel\u00eancia, superando as expectativas de nossos clientes.<\/p><\/div><\/div><\/div><\/div><\/div><\/div><div id=\"element_13\" class=\"el_column col-md-4\"><div class=\"inner-column\"><div id=\"element_14\" class=\"module-iconboxes style-8\"><div class=\"iconboxes-wrap\" ><span class=\"box\"><i  class=\"fa-bookmark\">&nbsp;<\/i><\/span><div class=\"text-wrap\"><h4 class=\"box-heading\" >VIS\u00c3O<\/h4><div class=\"iconboxes-text\"><p style=\"text-align: center;\">A Shanghai Amazonas tem como objetivo prec\u00edpuo, manter todos os seus processos que visem a otimiza\u00e7\u00e3o do atendimento.<\/p><\/div><\/div><\/div><\/div><\/div><\/div><div id=\"element_15\" class=\"el_column col-md-4\"><div class=\"inner-column\"><div id=\"element_16\" class=\"module-iconboxes style-8\"><div class=\"iconboxes-wrap\" ><span class=\"box\"><i  class=\"fa-thumbs-o-up\">&nbsp;<\/i><\/span><div class=\"text-wrap\"><h4 class=\"box-heading\" >VALORES<\/h4><div class=\"iconboxes-text\"><p style=\"text-align: center;\">A Shanghai Amazonas tem como objetivo prec\u00edpuo, manter todos os seus processos que visem a otimiza\u00e7\u00e3o do atendimento.<\/p><\/div><\/div><\/div><\/div><\/div><\/div><\/div><\/div><\/div><\/div><\/div><\/div><\/div><\/div>\n","protected":false},"excerpt":{"rendered":"","protected":false},"author":1,"featured_media":0,"parent":0,"menu_order":12,"comment_status":"closed","ping_status":"closed","template":"editor_page.php","meta":[],"_links":{"self":[{"href":"http:\/\/www.shanghaiamazonas.com\/site\/wp-json\/wp\/v2\/pages\/1983"}],"collection":[{"href":"http:\/\/www.shanghaiamazonas.com\/site\/wp-json\/wp\/v2\/pages"}],"about":[{"href":"http:\/\/www.shanghaiamazonas.com\/site\/wp-json\/wp\/v2\/types\/page"}],"author":[{"embeddable":true,"href":"http:\/\/www.shanghaiamazonas.com\/site\/wp-json\/wp\/v2\/users\/1"}],"replies":[{"embeddable":true,"href":"http:\/\/www.shanghaiamazonas.com\/site\/wp-json\/wp\/v2\/comments?post=1983"}],"version-history":[{"count":10,"href":"http:\/\/www.shanghaiamazonas.com\/site\/wp-json\/wp\/v2\/pages\/1983\/revisions"}],"predecessor-version":[{"id":4706,"href":"http:\/\/www.shanghaiamazonas.com\/site\/wp-json\/wp\/v2\/pages\/1983\/revisions\/4706"}],"wp:attachment":[{"href":"http:\/\/www.shanghaiamazonas.com\/site\/wp-json\/wp\/v2\/media?parent=1983"}],"curies":[{"name":"wp","href":"https:\/\/api.w.org\/{rel}","templated":true}]}}